{"id":624,"date":"2019-07-22T08:51:15","date_gmt":"2019-07-22T08:51:15","guid":{"rendered":"https:\/\/iwee.sk\/?page_id=624"},"modified":"2019-07-22T09:05:46","modified_gmt":"2019-07-22T09:05:46","slug":"referenciak","status":"publish","type":"page","link":"https:\/\/iwee.sk\/hu\/referenciak\/","title":{"rendered":"Referenci\u00e1k"},"content":{"rendered":"\t\t<div data-elementor-type=\"wp-post\" data-elementor-id=\"624\" class=\"elementor elementor-624\" data-elementor-post-type=\"page\">\n\t\t\t\t\t\t<section class=\"elementor-section elementor-top-section elementor-element elementor-element-37c1741d elementor-section-full_width elementor-section-height-default elementor-section-height-default\" data-id=\"37c1741d\" data-element_type=\"section\">\n\t\t\t\t\t\t<div class=\"elementor-container elementor-column-gap-extended\">\n\t\t\t\t\t<div class=\"elementor-column elementor-col-100 elementor-top-column elementor-element elementor-element-7eb42e2e\" data-id=\"7eb42e2e\" data-element_type=\"column\">\n\t\t\t<div class=\"elementor-widget-wrap elementor-element-populated\">\n\t\t\t\t\t\t<div class=\"elementor-element elementor-element-453b2453 elementor-widget elementor-widget-heading\" data-id=\"453b2453\" data-element_type=\"widget\" data-widget_type=\"heading.default\">\n\t\t\t\t<div class=\"elementor-widget-container\">\n\t\t\t<h2 class=\"elementor-heading-title elementor-size-default\">Referenci\u00e1k<\/h2>\t\t<\/div>\n\t\t\t\t<\/div>\n\t\t\t\t<div class=\"elementor-element elementor-element-cfd02f1 elementor-widget elementor-widget-text-editor\" data-id=\"cfd02f1\" data-element_type=\"widget\" data-widget_type=\"text-editor.default\">\n\t\t\t\t<div class=\"elementor-widget-container\">\n\t\t\t\t\t\t\tK\u00fcldet\u00e9s\u00fcnk ki\u00e9p\u00edteni a legmagasabb min\u0151s\u00e9g\u0171, \u00f6nm\u0171k\u00f6d\u0151 amerikai alum\u00ednium ablakokat.  Az al\u00e1bbiakban a m\u00e1r megval\u00f3s\u00edtott munk\u00e1inkba nyerhet betekint\u00e9st.\t\t\t\t\t\t<\/div>\n\t\t\t\t<\/div>\n\t\t\t\t<div class=\"elementor-element elementor-element-160e8a84 elementor-widget elementor-widget-image-gallery\" data-id=\"160e8a84\" data-element_type=\"widget\" data-widget_type=\"image-gallery.default\">\n\t\t\t\t<div class=\"elementor-widget-container\">\n\t\t\t\t\t<div class=\"elementor-image-gallery\">\n\t\t\t<div id='gallery-1' class='gallery galleryid-624 gallery-columns-4 gallery-size-thumbnail'><figure class='gallery-item'>\n\t\t\t<div class='gallery-icon landscape'>\n\t\t\t\t<a data-elementor-open-lightbox=\"yes\" data-elementor-lightbox-slideshow=\"160e8a84\" data-elementor-lightbox-title=\"4\" data-e-action-hash=\"#elementor-action%3Aaction%3Dlightbox%26settings%3DeyJpZCI6NTczLCJ1cmwiOiJcL3dwLWNvbnRlbnRcL3VwbG9hZHNcLzIwMTlcLzA3XC80LTIuanBnIiwic2xpZGVzaG93IjoiMTYwZThhODQifQ%3D%3D\" href='\/wp-content\/uploads\/2019\/07\/4-2.jpg'><img fetchpriority=\"high\" decoding=\"async\" width=\"480\" height=\"480\" src=\"\/wp-content\/uploads\/2019\/07\/4-2-480x480.jpg\" class=\"attachment-thumbnail size-thumbnail\" alt=\"\" \/><\/a>\n\t\t\t<\/div><\/figure><figure class='gallery-item'>\n\t\t\t<div class='gallery-icon landscape'>\n\t\t\t\t<a data-elementor-open-lightbox=\"yes\" data-elementor-lightbox-slideshow=\"160e8a84\" data-elementor-lightbox-title=\"4\" data-e-action-hash=\"#elementor-action%3Aaction%3Dlightbox%26settings%3DeyJpZCI6Njk0LCJ1cmwiOiJcL3dwLWNvbnRlbnRcL3VwbG9hZHNcLzIwMTlcLzA3XC80LTEuanBnIiwic2xpZGVzaG93IjoiMTYwZThhODQifQ%3D%3D\" href='\/wp-content\/uploads\/2019\/07\/4-1.jpg'><img decoding=\"async\" width=\"480\" height=\"480\" src=\"\/wp-content\/uploads\/2019\/07\/4-1-480x480.jpg\" class=\"attachment-thumbnail size-thumbnail\" alt=\"\" \/><\/a>\n\t\t\t<\/div><\/figure><figure class='gallery-item'>\n\t\t\t<div class='gallery-icon landscape'>\n\t\t\t\t<a data-elementor-open-lightbox=\"yes\" data-elementor-lightbox-slideshow=\"160e8a84\" data-elementor-lightbox-title=\"3\" data-e-action-hash=\"#elementor-action%3Aaction%3Dlightbox%26settings%3DeyJpZCI6NjcyLCJ1cmwiOiJcL3dwLWNvbnRlbnRcL3VwbG9hZHNcLzIwMTlcLzA3XC8zLTMuanBnIiwic2xpZGVzaG93IjoiMTYwZThhODQifQ%3D%3D\" href='\/wp-content\/uploads\/2019\/07\/3-3.jpg'><img decoding=\"async\" width=\"480\" height=\"480\" src=\"\/wp-content\/uploads\/2019\/07\/3-3-480x480.jpg\" class=\"attachment-thumbnail size-thumbnail\" alt=\"\" \/><\/a>\n\t\t\t<\/div><\/figure><figure class='gallery-item'>\n\t\t\t<div class='gallery-icon landscape'>\n\t\t\t\t<a data-elementor-open-lightbox=\"yes\" data-elementor-lightbox-slideshow=\"160e8a84\" data-elementor-lightbox-title=\"1\" data-e-action-hash=\"#elementor-action%3Aaction%3Dlightbox%26settings%3DeyJpZCI6NjkxLCJ1cmwiOiJcL3dwLWNvbnRlbnRcL3VwbG9hZHNcLzIwMTlcLzA3XC8xLTMuanBnIiwic2xpZGVzaG93IjoiMTYwZThhODQifQ%3D%3D\" href='\/wp-content\/uploads\/2019\/07\/1-3.jpg'><img loading=\"lazy\" decoding=\"async\" width=\"480\" height=\"480\" src=\"\/wp-content\/uploads\/2019\/07\/1-3-480x480.jpg\" class=\"attachment-thumbnail size-thumbnail\" alt=\"\" \/><\/a>\n\t\t\t<\/div><\/figure><figure class='gallery-item'>\n\t\t\t<div class='gallery-icon landscape'>\n\t\t\t\t<a data-elementor-open-lightbox=\"yes\" data-elementor-lightbox-slideshow=\"160e8a84\" data-elementor-lightbox-title=\"3\" data-e-action-hash=\"#elementor-action%3Aaction%3Dlightbox%26settings%3DeyJpZCI6NjkzLCJ1cmwiOiJcL3dwLWNvbnRlbnRcL3VwbG9hZHNcLzIwMTlcLzA3XC8zLTIuanBnIiwic2xpZGVzaG93IjoiMTYwZThhODQifQ%3D%3D\" href='\/wp-content\/uploads\/2019\/07\/3-2.jpg'><img loading=\"lazy\" decoding=\"async\" width=\"480\" height=\"480\" src=\"\/wp-content\/uploads\/2019\/07\/3-2-480x480.jpg\" class=\"attachment-thumbnail size-thumbnail\" alt=\"\" \/><\/a>\n\t\t\t<\/div><\/figure><figure class='gallery-item'>\n\t\t\t<div class='gallery-icon landscape'>\n\t\t\t\t<a data-elementor-open-lightbox=\"yes\" data-elementor-lightbox-slideshow=\"160e8a84\" data-elementor-lightbox-title=\"2\" data-e-action-hash=\"#elementor-action%3Aaction%3Dlightbox%26settings%3DeyJpZCI6NjcxLCJ1cmwiOiJcL3dwLWNvbnRlbnRcL3VwbG9hZHNcLzIwMTlcLzA3XC8yLTQuanBnIiwic2xpZGVzaG93IjoiMTYwZThhODQifQ%3D%3D\" href='\/wp-content\/uploads\/2019\/07\/2-4.jpg'><img loading=\"lazy\" decoding=\"async\" width=\"480\" height=\"480\" src=\"\/wp-content\/uploads\/2019\/07\/2-4-480x480.jpg\" class=\"attachment-thumbnail size-thumbnail\" alt=\"\" \/><\/a>\n\t\t\t<\/div><\/figure><figure class='gallery-item'>\n\t\t\t<div class='gallery-icon landscape'>\n\t\t\t\t<a data-elementor-open-lightbox=\"yes\" data-elementor-lightbox-slideshow=\"160e8a84\" data-elementor-lightbox-title=\"1\" data-e-action-hash=\"#elementor-action%3Aaction%3Dlightbox%26settings%3DeyJpZCI6NjcwLCJ1cmwiOiJcL3dwLWNvbnRlbnRcL3VwbG9hZHNcLzIwMTlcLzA3XC8xLTQuanBnIiwic2xpZGVzaG93IjoiMTYwZThhODQifQ%3D%3D\" href='\/wp-content\/uploads\/2019\/07\/1-4.jpg'><img loading=\"lazy\" decoding=\"async\" width=\"480\" height=\"480\" src=\"\/wp-content\/uploads\/2019\/07\/1-4-480x480.jpg\" class=\"attachment-thumbnail size-thumbnail\" alt=\"\" \/><\/a>\n\t\t\t<\/div><\/figure><figure class='gallery-item'>\n\t\t\t<div class='gallery-icon landscape'>\n\t\t\t\t<a data-elementor-open-lightbox=\"yes\" data-elementor-lightbox-slideshow=\"160e8a84\" data-elementor-lightbox-title=\"2\" data-e-action-hash=\"#elementor-action%3Aaction%3Dlightbox%26settings%3DeyJpZCI6NjkyLCJ1cmwiOiJcL3dwLWNvbnRlbnRcL3VwbG9hZHNcLzIwMTlcLzA3XC8yLTMuanBnIiwic2xpZGVzaG93IjoiMTYwZThhODQifQ%3D%3D\" href='\/wp-content\/uploads\/2019\/07\/2-3.jpg'><img loading=\"lazy\" decoding=\"async\" width=\"480\" height=\"480\" src=\"\/wp-content\/uploads\/2019\/07\/2-3-480x480.jpg\" class=\"attachment-thumbnail size-thumbnail\" alt=\"\" \/><\/a>\n\t\t\t<\/div><\/figure>\n\t\t<\/div>\n\t\t<\/div>\n\t\t\t\t<\/div>\n\t\t\t\t<\/div>\n\t\t\t\t\t<\/div>\n\t\t<\/div>\n\t\t\t\t\t<\/div>\n\t\t<\/section>\n\t\t\t\t<section class=\"elementor-section elementor-top-section elementor-element elementor-element-2393a087 bg-padding sect12 elementor-section-height-min-height elementor-section-boxed elementor-section-height-default elementor-section-items-middle\" data-id=\"2393a087\" data-element_type=\"section\">\n\t\t\t\t\t\t<div class=\"elementor-container elementor-column-gap-default\">\n\t\t\t\t\t<div class=\"elementor-column elementor-col-100 elementor-top-column elementor-element elementor-element-324d433d\" data-id=\"324d433d\" data-element_type=\"column\">\n\t\t\t<div class=\"elementor-widget-wrap elementor-element-populated\">\n\t\t\t\t\t\t<div class=\"elementor-element elementor-element-7e71272d elementor-widget elementor-widget-spacer\" data-id=\"7e71272d\" data-element_type=\"widget\" data-widget_type=\"spacer.default\">\n\t\t\t\t<div class=\"elementor-widget-container\">\n\t\t\t\t\t<div class=\"elementor-spacer\">\n\t\t\t<div class=\"elementor-spacer-inner\"><\/div>\n\t\t<\/div>\n\t\t\t\t<\/div>\n\t\t\t\t<\/div>\n\t\t\t\t<div class=\"elementor-element elementor-element-40b33ebb footer elementor-widget elementor-widget-heading\" data-id=\"40b33ebb\" data-element_type=\"widget\" data-widget_type=\"heading.default\">\n\t\t\t\t<div class=\"elementor-widget-container\">\n\t\t\t<h2 class=\"elementor-heading-title elementor-size-default\">Legyen az els\u0151k k\u00f6z\u00f6tt,<br>\n\u00e9s ne maradjon le a kedvez\u0151 aj\u00e1nlatr\u00f3l!<br>\n\u00cdrjon nek\u00fcnk!<\/h2>\t\t<\/div>\n\t\t\t\t<\/div>\n\t\t\t\t<div class=\"elementor-element elementor-element-72737882 elementor-widget elementor-widget-text-editor\" data-id=\"72737882\" data-element_type=\"widget\" data-widget_type=\"text-editor.default\">\n\t\t\t\t<div class=\"elementor-widget-container\">\n\t\t\t\t\t\t\t<p>V\u00e1lasszon a sz\u00ednek sz\u00e9les v\u00e1laszt\u00e9k\u00e1b\u00f3l, hogy iWee ablakai a lehet\u0151 legjobban harmoniz\u00e1ljanak a k\u00f6rnyezettel \u00e9s az \u00e9p\u00edt\u00e9szeti jegyekkel. Egy ingyenes konzult\u00e1ci\u00f3t k\u00f6vet\u0151en 3D tervekkel szolg\u00e1lunk \u00d6nnek \u00e9s egyedi \u00e1raj\u00e1nlatot dolgozunk ki. Ezt k\u00f6vet\u0151en iWee ablakait kisz\u00e1ll\u00edtjuk, beszerelj\u00fck \u00e9s \u00f6sszek\u00f6tj\u00fck Smart rendszer\u00e9vel.<br \/>Mindent k\u00e9zhez kap \u00e9s kulcsrak\u00e9szen!<\/p>\t\t\t\t\t\t<\/div>\n\t\t\t\t<\/div>\n\t\t\t\t<div class=\"elementor-element elementor-element-609c0545 elementor-align-center elementor-widget elementor-widget-button\" data-id=\"609c0545\" data-element_type=\"widget\" data-widget_type=\"button.default\">\n\t\t\t\t<div class=\"elementor-widget-container\">\n\t\t\t\t\t\t\t<div class=\"elementor-button-wrapper\">\n\t\t\t\t\t<a class=\"elementor-button elementor-button-link elementor-size-sm\" href=\"\/hu\/kapcsolat\">\n\t\t\t\t\t\t<span class=\"elementor-button-content-wrapper\">\n\t\t\t\t\t\t\t\t\t<span class=\"elementor-button-text\">\u00cdrjon nek\u00fcnk!<\/span>\n\t\t\t\t\t<\/span>\n\t\t\t\t\t<\/a>\n\t\t\t\t<\/div>\n\t\t\t\t\t\t<\/div>\n\t\t\t\t<\/div>\n\t\t\t\t<div class=\"elementor-element elementor-element-494b16a3 elementor-hidden-phone elementor-widget elementor-widget-spacer\" data-id=\"494b16a3\" data-element_type=\"widget\" data-widget_type=\"spacer.default\">\n\t\t\t\t<div class=\"elementor-widget-container\">\n\t\t\t\t\t<div class=\"elementor-spacer\">\n\t\t\t<div class=\"elementor-spacer-inner\"><\/div>\n\t\t<\/div>\n\t\t\t\t<\/div>\n\t\t\t\t<\/div>\n\t\t\t\t\t<\/div>\n\t\t<\/div>\n\t\t\t\t\t<\/div>\n\t\t<\/section>\n\t\t\t\t<\/div>\n\t\t","protected":false},"excerpt":{"rendered":"<p>K\u00fcldet\u00e9s\u00fcnk ki\u00e9p\u00edteni a legmagasabb min\u0151s\u00e9g\u0171, \u00f6nm\u0171k\u00f6d\u0151 amerikai alum\u00ednium ablakokat.  Az al\u00e1bbiakban a m\u00e1r megval\u00f3s\u00edtott munk\u00e1inkba nyerhet betekint\u00e9st.<\/p>\n","protected":false},"author":1,"featured_media":0,"parent":0,"menu_order":0,"comment_status":"closed","ping_status":"closed","template":"elementor_header_footer","meta":{"footnotes":""},"tags":[],"class_list":["post-624","page","type-page","status-publish","hentry"],"_links":{"self":[{"href":"https:\/\/iwee.sk\/hu\/wp-json\/wp\/v2\/pages\/624"}],"collection":[{"href":"https:\/\/iwee.sk\/hu\/wp-json\/wp\/v2\/pages"}],"about":[{"href":"https:\/\/iwee.sk\/hu\/wp-json\/wp\/v2\/types\/page"}],"author":[{"embeddable":true,"href":"https:\/\/iwee.sk\/hu\/wp-json\/wp\/v2\/users\/1"}],"replies":[{"embeddable":true,"href":"https:\/\/iwee.sk\/hu\/wp-json\/wp\/v2\/comments?post=624"}],"version-history":[{"count":3,"href":"https:\/\/iwee.sk\/hu\/wp-json\/wp\/v2\/pages\/624\/revisions"}],"predecessor-version":[{"id":697,"href":"https:\/\/iwee.sk\/hu\/wp-json\/wp\/v2\/pages\/624\/revisions\/697"}],"wp:attachment":[{"href":"https:\/\/iwee.sk\/hu\/wp-json\/wp\/v2\/media?parent=624"}],"wp:term":[{"taxonomy":"post_tag","embeddable":true,"href":"https:\/\/iwee.sk\/hu\/wp-json\/wp\/v2\/tags?post=624"}],"curies":[{"name":"wp","href":"https:\/\/api.w.org\/{rel}","templated":true}]}}